{"id":40,"date":"2026-03-26T16:21:20","date_gmt":"2026-03-26T16:21:20","guid":{"rendered":"https:\/\/thinketnus.com.br\/?page_id=40"},"modified":"2026-04-01T21:32:54","modified_gmt":"2026-04-01T21:32:54","slug":"home","status":"publish","type":"page","link":"https:\/\/thinketnus.com.br\/","title":{"rendered":"Home"},"content":{"rendered":"\t\t<div data-elementor-type=\"wp-page\" data-elementor-id=\"40\" class=\"elementor elementor-40\" data-elementor-settings=\"{&quot;ha_cmc_init_switcher&quot;:&quot;no&quot;}\" data-elementor-post-type=\"page\">\n\t\t\t\t<div class=\"elementor-element elementor-element-5adf2e2 e-flex e-con-boxed e-con e-parent\" data-id=\"5adf2e2\" data-element_type=\"container\" data-e-type=\"container\" data-settings=\"{&quot;background_background&quot;:&quot;slideshow&quot;,&quot;background_slideshow_gallery&quot;:[{&quot;id&quot;:159,&quot;url&quot;:&quot;https:\\\/\\\/thinketnus.com.br\\\/wp-content\\\/uploads\\\/2026\\\/04\\\/BG_TE_HOME_IMG_10.png&quot;},{&quot;id&quot;:151,&quot;url&quot;:&quot;https:\\\/\\\/thinketnus.com.br\\\/wp-content\\\/uploads\\\/2026\\\/04\\\/BG_TE_HOME_IMG_02.png&quot;},{&quot;id&quot;:153,&quot;url&quot;:&quot;https:\\\/\\\/thinketnus.com.br\\\/wp-content\\\/uploads\\\/2026\\\/04\\\/BG_TE_HOME_IMG_04.png&quot;},{&quot;id&quot;:163,&quot;url&quot;:&quot;https:\\\/\\\/thinketnus.com.br\\\/wp-content\\\/uploads\\\/2026\\\/04\\\/BG_TE_HOME_IMG_14.png&quot;},{&quot;id&quot;:155,&quot;url&quot;:&quot;https:\\\/\\\/thinketnus.com.br\\\/wp-content\\\/uploads\\\/2026\\\/04\\\/BG_TE_HOME_IMG_06.png&quot;},{&quot;id&quot;:152,&quot;url&quot;:&quot;https:\\\/\\\/thinketnus.com.br\\\/wp-content\\\/uploads\\\/2026\\\/04\\\/BG_TE_HOME_IMG_03.png&quot;},{&quot;id&quot;:156,&quot;url&quot;:&quot;https:\\\/\\\/thinketnus.com.br\\\/wp-content\\\/uploads\\\/2026\\\/04\\\/BG_TE_HOME_IMG_07.png&quot;},{&quot;id&quot;:157,&quot;url&quot;:&quot;https:\\\/\\\/thinketnus.com.br\\\/wp-content\\\/uploads\\\/2026\\\/04\\\/BG_TE_HOME_IMG_08.png&quot;},{&quot;id&quot;:158,&quot;url&quot;:&quot;https:\\\/\\\/thinketnus.com.br\\\/wp-content\\\/uploads\\\/2026\\\/04\\\/BG_TE_HOME_IMG_09.png&quot;},{&quot;id&quot;:154,&quot;url&quot;:&quot;https:\\\/\\\/thinketnus.com.br\\\/wp-content\\\/uploads\\\/2026\\\/04\\\/BG_TE_HOME_IMG_05.png&quot;},{&quot;id&quot;:161,&quot;url&quot;:&quot;https:\\\/\\\/thinketnus.com.br\\\/wp-content\\\/uploads\\\/2026\\\/04\\\/BG_TE_HOME_IMG_12.png&quot;},{&quot;id&quot;:160,&quot;url&quot;:&quot;https:\\\/\\\/thinketnus.com.br\\\/wp-content\\\/uploads\\\/2026\\\/04\\\/BG_TE_HOME_IMG_11.png&quot;},{&quot;id&quot;:166,&quot;url&quot;:&quot;https:\\\/\\\/thinketnus.com.br\\\/wp-content\\\/uploads\\\/2026\\\/04\\\/BG_TE_HOME_IMG_16.png&quot;},{&quot;id&quot;:164,&quot;url&quot;:&quot;https:\\\/\\\/thinketnus.com.br\\\/wp-content\\\/uploads\\\/2026\\\/04\\\/BG_TE_HOME_IMG_15.png&quot;}],&quot;background_slideshow_slide_transition&quot;:&quot;slide_down&quot;,&quot;background_slideshow_loop&quot;:&quot;yes&quot;,&quot;background_slideshow_slide_duration&quot;:5000,&quot;background_slideshow_transition_duration&quot;:500,&quot;_ha_eqh_enable&quot;:false}\">\n\t\t\t\t\t<div class=\"e-con-inner\">\n\t\t<div class=\"elementor-element elementor-element-a9b0532 e-con-full e-flex e-con e-child\" data-id=\"a9b0532\" data-element_type=\"container\" data-e-type=\"container\" data-settings=\"{&quot;_ha_eqh_enable&quot;:false}\">\n\t\t\t\t<div class=\"elementor-element elementor-element-9c0b2f8 elementor-widget elementor-widget-html\" data-id=\"9c0b2f8\" data-element_type=\"widget\" data-e-type=\"widget\" data-widget_type=\"html.default\">\n\t\t\t\t\t<style>\n.hero-home-titulo{\n  margin: 0;\n  color: #ffffff;\n  text-align: left;\n  font-family: \"Atkinson Hyperlegible\", sans-serif;\n  font-size: clamp(42px, 6vw, 82px);\n  font-weight: 700;\n  line-height: 0.92;\n  letter-spacing: -0.03em;\n}\n\n.hero-home-titulo .serif{\n  display: block;\n  margin-top: 0.08em;\n  font-family: \"Instrument Serif\", serif;\n  font-size: 0.78em;\n  font-style: italic;\n  font-weight: 400;\n  line-height: 0.95;\n  letter-spacing: 0;\n}\n\n@media (max-width: 767px){\n  .hero-home-titulo{\n    font-size: clamp(30px, 9vw, 52px);\n    line-height: 0.95;\n  }\n\n  .hero-home-titulo .serif{\n    font-size: 0.32em;\n  }\n}\n<\/style>\n\n<h1 class=\"hero-home-titulo\">A POPULA\u00c7\u00c3O NEGRA \u00c9<br>\n  56% DO BRASIL.\n  <span class=\"serif\">E muitas marcas ainda n\u00e3o sabem de verdade quem ela \u00e9.<\/span>\n<\/h1>\t\t\t\t<\/div>\n\t\t\t\t<div class=\"elementor-element elementor-element-42d8a91 elementor-widget elementor-widget-text-editor\" data-id=\"42d8a91\" data-element_type=\"widget\" data-e-type=\"widget\" data-widget_type=\"text-editor.default\">\n\t\t\t\t\t\t\t\t\t<p>Somos refer\u00eancia em conhecimento sobre a popula\u00e7\u00e3o negra brasileira. O que sua marca n\u00e3o sabe sobre esse p\u00fablico est\u00e1 custando mais do que voc\u00ea imagina.<\/p>\t\t\t\t\t\t\t\t<\/div>\n\t\t\t\t<div class=\"elementor-element elementor-element-2b774b0 elementor-widget elementor-widget-button\" data-id=\"2b774b0\" data-element_type=\"widget\" data-e-type=\"widget\" data-widget_type=\"button.default\">\n\t\t\t\t\t\t\t\t\t\t<a class=\"elementor-button elementor-button-link elementor-size-sm\" href=\"#\">\n\t\t\t\t\t\t<span class=\"elementor-button-content-wrapper\">\n\t\t\t\t\t\t\t\t\t<span class=\"elementor-button-text\">Conhe\u00e7a nosso trabalho<\/span>\n\t\t\t\t\t<\/span>\n\t\t\t\t\t<\/a>\n\t\t\t\t\t\t\t\t<\/div>\n\t\t\t\t<\/div>\n\t\t<div class=\"elementor-element elementor-element-b3ed1bf e-con-full e-flex e-con e-child\" data-id=\"b3ed1bf\" data-element_type=\"container\" data-e-type=\"container\" data-settings=\"{&quot;_ha_eqh_enable&quot;:false}\">\n\t\t\t\t<\/div>\n\t\t\t\t\t<\/div>\n\t\t\t\t<\/div>\n\t\t<div class=\"elementor-element elementor-element-c4925a7 e-flex e-con-boxed e-con e-parent\" data-id=\"c4925a7\" data-element_type=\"container\" data-e-type=\"container\" data-settings=\"{&quot;background_background&quot;:&quot;slideshow&quot;,&quot;background_slideshow_gallery&quot;:[{&quot;id&quot;:159,&quot;url&quot;:&quot;https:\\\/\\\/thinketnus.com.br\\\/wp-content\\\/uploads\\\/2026\\\/04\\\/BG_TE_HOME_IMG_10.png&quot;},{&quot;id&quot;:151,&quot;url&quot;:&quot;https:\\\/\\\/thinketnus.com.br\\\/wp-content\\\/uploads\\\/2026\\\/04\\\/BG_TE_HOME_IMG_02.png&quot;},{&quot;id&quot;:153,&quot;url&quot;:&quot;https:\\\/\\\/thinketnus.com.br\\\/wp-content\\\/uploads\\\/2026\\\/04\\\/BG_TE_HOME_IMG_04.png&quot;},{&quot;id&quot;:163,&quot;url&quot;:&quot;https:\\\/\\\/thinketnus.com.br\\\/wp-content\\\/uploads\\\/2026\\\/04\\\/BG_TE_HOME_IMG_14.png&quot;},{&quot;id&quot;:155,&quot;url&quot;:&quot;https:\\\/\\\/thinketnus.com.br\\\/wp-content\\\/uploads\\\/2026\\\/04\\\/BG_TE_HOME_IMG_06.png&quot;},{&quot;id&quot;:152,&quot;url&quot;:&quot;https:\\\/\\\/thinketnus.com.br\\\/wp-content\\\/uploads\\\/2026\\\/04\\\/BG_TE_HOME_IMG_03.png&quot;},{&quot;id&quot;:156,&quot;url&quot;:&quot;https:\\\/\\\/thinketnus.com.br\\\/wp-content\\\/uploads\\\/2026\\\/04\\\/BG_TE_HOME_IMG_07.png&quot;},{&quot;id&quot;:157,&quot;url&quot;:&quot;https:\\\/\\\/thinketnus.com.br\\\/wp-content\\\/uploads\\\/2026\\\/04\\\/BG_TE_HOME_IMG_08.png&quot;},{&quot;id&quot;:158,&quot;url&quot;:&quot;https:\\\/\\\/thinketnus.com.br\\\/wp-content\\\/uploads\\\/2026\\\/04\\\/BG_TE_HOME_IMG_09.png&quot;},{&quot;id&quot;:154,&quot;url&quot;:&quot;https:\\\/\\\/thinketnus.com.br\\\/wp-content\\\/uploads\\\/2026\\\/04\\\/BG_TE_HOME_IMG_05.png&quot;},{&quot;id&quot;:161,&quot;url&quot;:&quot;https:\\\/\\\/thinketnus.com.br\\\/wp-content\\\/uploads\\\/2026\\\/04\\\/BG_TE_HOME_IMG_12.png&quot;},{&quot;id&quot;:160,&quot;url&quot;:&quot;https:\\\/\\\/thinketnus.com.br\\\/wp-content\\\/uploads\\\/2026\\\/04\\\/BG_TE_HOME_IMG_11.png&quot;},{&quot;id&quot;:166,&quot;url&quot;:&quot;https:\\\/\\\/thinketnus.com.br\\\/wp-content\\\/uploads\\\/2026\\\/04\\\/BG_TE_HOME_IMG_16.png&quot;},{&quot;id&quot;:164,&quot;url&quot;:&quot;https:\\\/\\\/thinketnus.com.br\\\/wp-content\\\/uploads\\\/2026\\\/04\\\/BG_TE_HOME_IMG_15.png&quot;}],&quot;background_slideshow_slide_transition&quot;:&quot;slide_down&quot;,&quot;background_slideshow_loop&quot;:&quot;yes&quot;,&quot;background_slideshow_slide_duration&quot;:5000,&quot;background_slideshow_transition_duration&quot;:500,&quot;_ha_eqh_enable&quot;:false}\">\n\t\t\t\t\t<div class=\"e-con-inner\">\n\t\t<div class=\"elementor-element elementor-element-53bfc27 e-con-full e-flex e-con e-child\" data-id=\"53bfc27\" data-element_type=\"container\" data-e-type=\"container\" data-settings=\"{&quot;_ha_eqh_enable&quot;:false}\">\n\t\t\t\t<div class=\"elementor-element elementor-element-1ca01bc elementor-widget elementor-widget-heading\" data-id=\"1ca01bc\" data-element_type=\"widget\" data-e-type=\"widget\" data-widget_type=\"heading.default\">\n\t\t\t\t\t<h2 class=\"elementor-heading-title elementor-size-default\">A POPULA\u00c7\u00c3O NEGRA \u00c9 56% DO BRASIL.<\/h2>\t\t\t\t<\/div>\n\t\t\t\t<div class=\"elementor-element elementor-element-0af666b elementor-widget elementor-widget-heading\" data-id=\"0af666b\" data-element_type=\"widget\" data-e-type=\"widget\" data-widget_type=\"heading.default\">\n\t\t\t\t\t<h2 class=\"elementor-heading-title elementor-size-default\">E muitas marcas ainda n\u00e3o sabem de verdade quem ela \u00e9.<\/h2>\t\t\t\t<\/div>\n\t\t\t\t<div class=\"elementor-element elementor-element-534b0fb elementor-widget elementor-widget-text-editor\" data-id=\"534b0fb\" data-element_type=\"widget\" data-e-type=\"widget\" data-widget_type=\"text-editor.default\">\n\t\t\t\t\t\t\t\t\t<p>Somos refer\u00eancia em conhecimento sobre a popula\u00e7\u00e3o negra brasileira. O que sua marca n\u00e3o sabe sobre esse p\u00fablico est\u00e1 custando mais do que voc\u00ea imagina.<\/p>\t\t\t\t\t\t\t\t<\/div>\n\t\t\t\t<div class=\"elementor-element elementor-element-9696593 elementor-align-center elementor-widget elementor-widget-button\" data-id=\"9696593\" data-element_type=\"widget\" data-e-type=\"widget\" data-widget_type=\"button.default\">\n\t\t\t\t\t\t\t\t\t\t<a class=\"elementor-button elementor-button-link elementor-size-sm\" href=\"#\">\n\t\t\t\t\t\t<span class=\"elementor-button-content-wrapper\">\n\t\t\t\t\t\t\t\t\t<span class=\"elementor-button-text\">Conhe\u00e7a nosso trabalho<\/span>\n\t\t\t\t\t<\/span>\n\t\t\t\t\t<\/a>\n\t\t\t\t\t\t\t\t<\/div>\n\t\t\t\t<\/div>\n\t\t\t\t\t<\/div>\n\t\t\t\t<\/div>\n\t\t\t\t<\/div>\n\t\t","protected":false},"excerpt":{"rendered":"<p>A POPULA\u00c7\u00c3O NEGRA \u00c9 56% DO BRASIL. E muitas marcas ainda n\u00e3o sabem de verdade quem ela \u00e9. Somos refer\u00eancia em conhecimento sobre a popula\u00e7\u00e3o negra brasileira. O que sua marca n\u00e3o sabe sobre esse p\u00fablico est\u00e1 custando mais do que voc\u00ea imagina. Conhe\u00e7a nosso trabalho A POPULA\u00c7\u00c3O NEGRA \u00c9 56% DO BRASIL. E muitas [&hellip;]<\/p>\n","protected":false},"author":1,"featured_media":0,"parent":0,"menu_order":0,"comment_status":"closed","ping_status":"closed","template":"elementor_header_footer","meta":{"footnotes":""},"class_list":["post-40","page","type-page","status-publish","hentry"],"_links":{"self":[{"href":"https:\/\/thinketnus.com.br\/index.php?rest_route=\/wp\/v2\/pages\/40","targetHints":{"allow":["GET"]}}],"collection":[{"href":"https:\/\/thinketnus.com.br\/index.php?rest_route=\/wp\/v2\/pages"}],"about":[{"href":"https:\/\/thinketnus.com.br\/index.php?rest_route=\/wp\/v2\/types\/page"}],"author":[{"embeddable":true,"href":"https:\/\/thinketnus.com.br\/index.php?rest_route=\/wp\/v2\/users\/1"}],"replies":[{"embeddable":true,"href":"https:\/\/thinketnus.com.br\/index.php?rest_route=%2Fwp%2Fv2%2Fcomments&post=40"}],"version-history":[{"count":35,"href":"https:\/\/thinketnus.com.br\/index.php?rest_route=\/wp\/v2\/pages\/40\/revisions"}],"predecessor-version":[{"id":201,"href":"https:\/\/thinketnus.com.br\/index.php?rest_route=\/wp\/v2\/pages\/40\/revisions\/201"}],"wp:attachment":[{"href":"https:\/\/thinketnus.com.br\/index.php?rest_route=%2Fwp%2Fv2%2Fmedia&parent=40"}],"curies":[{"name":"wp","href":"https:\/\/api.w.org\/{rel}","templated":true}]}}